{"id":4242,"date":"2025-07-01T18:18:01","date_gmt":"2025-07-01T16:18:01","guid":{"rendered":"https:\/\/gites-14.compassionate-chandrasekhar.82-29-173-183.plesk.page\/?page_id=4242"},"modified":"2026-04-15T11:49:32","modified_gmt":"2026-04-15T09:49:32","slug":"reservation-gite-vosges","status":"publish","type":"page","link":"https:\/\/lebuchwald.com\/en\/reservation-gite-vosges\/","title":{"rendered":"Booking a G\u00eete in the Vosges"},"content":{"rendered":"\t\t<div data-elementor-type=\"wp-page\" data-elementor-id=\"4242\" class=\"elementor elementor-4242\" data-elementor-post-type=\"page\">\n\t\t\t\t\t\t<section class=\"elementor-section elementor-top-section elementor-element elementor-element-cfc81ce elementor-section-full_width elementor-section-height-min-height elementor-section-items-stretch elementor-section-height-default\" data-id=\"cfc81ce\" data-element_type=\"section\" data-e-type=\"section\" data-settings=\"{&quot;background_background&quot;:&quot;classic&quot;}\">\n\t\t\t\t\t\t\t<div class=\"elementor-background-overlay\"><\/div>\n\t\t\t\t\t\t\t<div class=\"elementor-container elementor-column-gap-default\">\n\t\t\t\t\t<div class=\"elementor-column elementor-col-100 elementor-top-column elementor-element elementor-element-297f3bfb\" data-id=\"297f3bfb\" data-element_type=\"column\" data-e-type=\"column\" data-settings=\"{&quot;background_background&quot;:&quot;classic&quot;}\">\n\t\t\t<div class=\"elementor-widget-wrap elementor-element-populated\">\n\t\t\t\t<div class=\"elementor-element elementor-element-41d4030a e-con-full e-flex e-con e-parent\" data-id=\"41d4030a\" data-element_type=\"container\" data-e-type=\"container\">\n\t\t<div class=\"elementor-element elementor-element-12e4063a e-con-full e-flex e-con e-child\" data-id=\"12e4063a\" data-element_type=\"container\" data-e-type=\"container\">\n\t\t\t\t<div class=\"elementor-element elementor-element-3f3405d elementor-hidden-tablet elementor-invisible elementor-widget elementor-widget-heading\" data-id=\"3f3405d\" data-element_type=\"widget\" data-e-type=\"widget\" data-settings=\"{&quot;_animation&quot;:&quot;fadeInUp&quot;}\" data-widget_type=\"heading.default\">\n\t\t\t\t<div class=\"elementor-widget-container\">\n\t\t\t\t\t<h1 class=\"elementor-heading-title elementor-size-default\">Contact &amp; R\u00e9servation<\/h1>\t\t\t\t<\/div>\n\t\t\t\t<\/div>\n\t\t\t\t<\/div>\n\t\t\t\t<\/div>\n\t\t\t\t\t<\/div>\n\t\t<\/div>\n\t\t\t\t\t<\/div>\n\t\t<\/section>\n\t\t<div class=\"elementor-element elementor-element-4f387725 e-flex e-con-boxed e-con e-parent\" data-id=\"4f387725\" data-element_type=\"container\" data-e-type=\"container\">\n\t\t\t\t\t<div class=\"e-con-inner\">\n\t\t\t\t<div class=\"elementor-element elementor-element-1cb37990 elementor-invisible elementor-widget elementor-widget-heading\" data-id=\"1cb37990\" data-element_type=\"widget\" data-e-type=\"widget\" data-settings=\"{&quot;_animation&quot;:&quot;fadeInRight&quot;}\" data-widget_type=\"heading.default\">\n\t\t\t\t<div class=\"elementor-widget-container\">\n\t\t\t\t\t<h2 class=\"elementor-heading-title elementor-size-default\">Coordonn\u00e9es<\/h2>\t\t\t\t<\/div>\n\t\t\t\t<\/div>\n\t\t\t\t<div class=\"elementor-element elementor-element-2b34ecf2 elementor-widget-divider--view-line elementor-invisible elementor-widget elementor-widget-divider\" data-id=\"2b34ecf2\" data-element_type=\"widget\" data-e-type=\"widget\" data-settings=\"{&quot;_animation&quot;:&quot;fadeInLeft&quot;}\" data-widget_type=\"divider.default\">\n\t\t\t\t<div class=\"elementor-widget-container\">\n\t\t\t\t\t\t\t<div class=\"elementor-divider\">\n\t\t\t<span class=\"elementor-divider-separator\">\n\t\t\t\t\t\t<\/span>\n\t\t<\/div>\n\t\t\t\t\t\t<\/div>\n\t\t\t\t<\/div>\n\t\t\t\t<div class=\"elementor-element elementor-element-69d9d59 elementor-widget elementor-widget-heading\" data-id=\"69d9d59\" data-element_type=\"widget\" data-e-type=\"widget\" data-widget_type=\"heading.default\">\n\t\t\t\t<div class=\"elementor-widget-container\">\n\t\t\t\t\t<h3 class=\"elementor-heading-title elementor-size-default\">Vous souhaitez r\u00e9server ? Contactez-nous<\/h3>\t\t\t\t<\/div>\n\t\t\t\t<\/div>\n\t\t\t\t\t<\/div>\n\t\t\t\t<\/div>\n\t\t<div class=\"elementor-element elementor-element-639c2f32 e-con-full e-flex e-con e-child\" data-id=\"639c2f32\" data-element_type=\"container\" data-e-type=\"container\">\n\t\t<div class=\"elementor-element elementor-element-5864c0d5 e-con-full e-flex e-con e-child\" data-id=\"5864c0d5\" data-element_type=\"container\" data-e-type=\"container\">\n\t\t\t\t<div class=\"elementor-element elementor-element-22a717b2 elementor-view-default elementor-widget elementor-widget-icon\" data-id=\"22a717b2\" data-element_type=\"widget\" data-e-type=\"widget\" data-widget_type=\"icon.default\">\n\t\t\t\t<div class=\"elementor-widget-container\">\n\t\t\t\t\t\t\t<div class=\"elementor-icon-wrapper\">\n\t\t\t<div class=\"elementor-icon\">\n\t\t\t<svg aria-hidden=\"true\" class=\"e-font-icon-svg e-far-envelope\" viewBox=\"0 0 512 512\" xmlns=\"http:\/\/www.w3.org\/2000\/svg\"><path d=\"M464 64H48C21.49 64 0 85.49 0 112v288c0 26.51 21.49 48 48 48h416c26.51 0 48-21.49 48-48V112c0-26.51-21.49-48-48-48zm0 48v40.805c-22.422 18.259-58.168 46.651-134.587 106.49-16.841 13.247-50.201 45.072-73.413 44.701-23.208.375-56.579-31.459-73.413-44.701C106.18 199.465 70.425 171.067 48 152.805V112h416zM48 400V214.398c22.914 18.251 55.409 43.862 104.938 82.646 21.857 17.205 60.134 55.186 103.062 54.955 42.717.231 80.509-37.199 103.053-54.947 49.528-38.783 82.032-64.401 104.947-82.653V400H48z\"><\/path><\/svg>\t\t\t<\/div>\n\t\t<\/div>\n\t\t\t\t\t\t<\/div>\n\t\t\t\t<\/div>\n\t\t\t\t<div class=\"elementor-element elementor-element-3b399fe0 elementor-widget elementor-widget-heading\" data-id=\"3b399fe0\" data-element_type=\"widget\" data-e-type=\"widget\" data-widget_type=\"heading.default\">\n\t\t\t\t<div class=\"elementor-widget-container\">\n\t\t\t\t\t<span class=\"elementor-heading-title elementor-size-default\"><a href=\"mailto:info@lebuchwald.com\">info@lebuchwald.com<\/a><\/span>\t\t\t\t<\/div>\n\t\t\t\t<\/div>\n\t\t\t\t<\/div>\n\t\t<div class=\"elementor-element elementor-element-681adde6 e-con-full e-flex e-con e-child\" data-id=\"681adde6\" data-element_type=\"container\" data-e-type=\"container\">\n\t\t\t\t<div class=\"elementor-element elementor-element-2b66baef elementor-view-default elementor-widget elementor-widget-icon\" data-id=\"2b66baef\" data-element_type=\"widget\" data-e-type=\"widget\" data-widget_type=\"icon.default\">\n\t\t\t\t<div class=\"elementor-widget-container\">\n\t\t\t\t\t\t\t<div class=\"elementor-icon-wrapper\">\n\t\t\t<div class=\"elementor-icon\">\n\t\t\t<svg aria-hidden=\"true\" class=\"e-font-icon-svg e-fas-map-marker-alt\" viewBox=\"0 0 384 512\" xmlns=\"http:\/\/www.w3.org\/2000\/svg\"><path d=\"M172.268 501.67C26.97 291.031 0 269.413 0 192 0 85.961 85.961 0 192 0s192 85.961 192 192c0 77.413-26.97 99.031-172.268 309.67-9.535 13.774-29.93 13.773-39.464 0zM192 272c44.183 0 80-35.817 80-80s-35.817-80-80-80-80 35.817-80 80 35.817 80 80 80z\"><\/path><\/svg>\t\t\t<\/div>\n\t\t<\/div>\n\t\t\t\t\t\t<\/div>\n\t\t\t\t<\/div>\n\t\t\t\t<div class=\"elementor-element elementor-element-29cec4b8 elementor-hidden-desktop elementor-hidden-tablet_extra elementor-hidden-tablet elementor-widget elementor-widget-heading\" data-id=\"29cec4b8\" data-element_type=\"widget\" data-e-type=\"widget\" data-widget_type=\"heading.default\">\n\t\t\t\t<div class=\"elementor-widget-container\">\n\t\t\t\t\t<span class=\"elementor-heading-title elementor-size-default\">Ancienne Maison Foresti\u00e8re de Buchwald<\/span>\t\t\t\t<\/div>\n\t\t\t\t<\/div>\n\t\t\t\t<div class=\"elementor-element elementor-element-3d2389e9 elementor-hidden-desktop elementor-hidden-tablet_extra elementor-hidden-tablet elementor-widget elementor-widget-heading\" data-id=\"3d2389e9\" data-element_type=\"widget\" data-e-type=\"widget\" data-widget_type=\"heading.default\">\n\t\t\t\t<div class=\"elementor-widget-container\">\n\t\t\t\t\t<span class=\"elementor-heading-title elementor-size-default\">67110 Dambach<\/span>\t\t\t\t<\/div>\n\t\t\t\t<\/div>\n\t\t\t\t<div class=\"elementor-element elementor-element-52d68e23 elementor-hidden-mobile elementor-widget elementor-widget-heading\" data-id=\"52d68e23\" data-element_type=\"widget\" data-e-type=\"widget\" data-widget_type=\"heading.default\">\n\t\t\t\t<div class=\"elementor-widget-container\">\n\t\t\t\t\t<span class=\"elementor-heading-title elementor-size-default\">Ancienne Maison Foresti\u00e8re de Buchwald \u2013 67110 Dambach<\/span>\t\t\t\t<\/div>\n\t\t\t\t<\/div>\n\t\t\t\t<\/div>\n\t\t\t\t<\/div>\n\t\t<div class=\"elementor-element elementor-element-2d4fa690 e-flex e-con-boxed e-con e-parent\" data-id=\"2d4fa690\" data-element_type=\"container\" data-e-type=\"container\" id=\"reservation\" data-settings=\"{&quot;background_background&quot;:&quot;classic&quot;}\">\n\t\t\t\t\t<div class=\"e-con-inner\">\n\t\t<div class=\"elementor-element elementor-element-45133e13 e-con-full e-flex e-con e-child\" data-id=\"45133e13\" data-element_type=\"container\" data-e-type=\"container\">\n\t\t\t\t<div class=\"elementor-element elementor-element-7b774145 elementor-widget elementor-widget-heading\" data-id=\"7b774145\" data-element_type=\"widget\" data-e-type=\"widget\" data-widget_type=\"heading.default\">\n\t\t\t\t<div class=\"elementor-widget-container\">\n\t\t\t\t\t<h2 class=\"elementor-heading-title elementor-size-default\">Contactez-nous<\/h2>\t\t\t\t<\/div>\n\t\t\t\t<\/div>\n\t\t\t\t<div class=\"elementor-element elementor-element-3f47b7a1 elementor-widget-divider--view-line elementor-widget elementor-widget-divider\" data-id=\"3f47b7a1\" data-element_type=\"widget\" data-e-type=\"widget\" data-widget_type=\"divider.default\">\n\t\t\t\t<div class=\"elementor-widget-container\">\n\t\t\t\t\t\t\t<div class=\"elementor-divider\">\n\t\t\t<span class=\"elementor-divider-separator\">\n\t\t\t\t\t\t<\/span>\n\t\t<\/div>\n\t\t\t\t\t\t<\/div>\n\t\t\t\t<\/div>\n\t\t\t\t<\/div>\n\t\t<div class=\"elementor-element elementor-element-16ec8805 e-con-full e-flex e-con e-child\" data-id=\"16ec8805\" data-element_type=\"container\" data-e-type=\"container\">\n\t\t\t\t<div class=\"elementor-element elementor-element-39a06355 elementor-button-align-stretch elementor-widget elementor-widget-form\" data-id=\"39a06355\" data-element_type=\"widget\" data-e-type=\"widget\" data-settings=\"{&quot;button_width&quot;:&quot;33&quot;,&quot;step_next_label&quot;:&quot;Suivant&quot;,&quot;step_previous_label&quot;:&quot;Pr\\u00e9c\\u00e9dent&quot;,&quot;step_type&quot;:&quot;number_text&quot;,&quot;step_icon_shape&quot;:&quot;circle&quot;}\" data-widget_type=\"form.default\">\n\t\t\t\t<div class=\"elementor-widget-container\">\n\t\t\t\t\t\t\t<form class=\"elementor-form\" method=\"post\" name=\"Nouveau formulaire\" aria-label=\"Nouveau formulaire\">\n\t\t\t<input type=\"hidden\" name=\"post_id\" value=\"4242\"\/>\n\t\t\t<input type=\"hidden\" name=\"form_id\" value=\"39a06355\"\/>\n\t\t\t<input type=\"hidden\" name=\"referer_title\" value=\"R\u00e9servation du G\u00eete dans les Vosges - Le Buchwald\" \/>\n\n\t\t\t\t\t\t\t<input type=\"hidden\" name=\"queried_id\" value=\"4242\"\/>\n\t\t\t\n\t\t\t<div class=\"elementor-form-fields-wrapper elementor-labels-above\">\n\t\t\t\t\t\t\t\t<div class=\"elementor-field-type-text elementor-field-group elementor-column elementor-field-group-name elementor-col-100 elementor-field-required elementor-mark-required\">\n\t\t\t\t\t\t\t\t\t\t\t\t<label for=\"form-field-name\" class=\"elementor-field-label\">\n\t\t\t\t\t\t\t\tNom Complet\t\t\t\t\t\t\t<\/label>\n\t\t\t\t\t\t\t\t\t\t\t\t\t\t<input size=\"1\" type=\"text\" name=\"form_fields[name]\" id=\"form-field-name\" class=\"elementor-field elementor-size-sm  elementor-field-textual\" placeholder=\"Nom\" required=\"required\">\n\t\t\t\t\t\t\t\t\t\t\t<\/div>\n\t\t\t\t\t\t\t\t<div class=\"elementor-field-type-email elementor-field-group elementor-column elementor-field-group-email elementor-col-100 elementor-field-required elementor-mark-required\">\n\t\t\t\t\t\t\t\t\t\t\t\t<label for=\"form-field-email\" class=\"elementor-field-label\">\n\t\t\t\t\t\t\t\tE-mail\t\t\t\t\t\t\t<\/label>\n\t\t\t\t\t\t\t\t\t\t\t\t\t\t<input size=\"1\" type=\"email\" name=\"form_fields[email]\" id=\"form-field-email\" class=\"elementor-field elementor-size-sm  elementor-field-textual\" placeholder=\"E-mail\" required=\"required\">\n\t\t\t\t\t\t\t\t\t\t\t<\/div>\n\t\t\t\t\t\t\t\t<div class=\"elementor-field-type-tel elementor-field-group elementor-column elementor-field-group-field_36799ac elementor-col-100\">\n\t\t\t\t\t\t\t\t\t\t\t\t<label for=\"form-field-field_36799ac\" class=\"elementor-field-label\">\n\t\t\t\t\t\t\t\tT\u00e9l\u00e9phone\t\t\t\t\t\t\t<\/label>\n\t\t\t\t\t\t\t\t<input size=\"1\" type=\"tel\" name=\"form_fields[field_36799ac]\" id=\"form-field-field_36799ac\" class=\"elementor-field elementor-size-sm  elementor-field-textual\" placeholder=\"T\u00e9l\u00e9phone\" pattern=\"[0-9()#&amp;+*-=.]+\" title=\"Seuls les caract\u00e8res de num\u00e9ros de t\u00e9l\u00e9phone (#, -, *, etc.) sont accept\u00e9s.\">\n\n\t\t\t\t\t\t<\/div>\n\t\t\t\t\t\t\t\t<div class=\"elementor-field-type-text elementor-field-group elementor-column elementor-field-group-message elementor-col-100 elementor-field-required elementor-mark-required\">\n\t\t\t\t\t\t\t\t\t\t\t\t<label for=\"form-field-message\" class=\"elementor-field-label\">\n\t\t\t\t\t\t\t\tObjet\t\t\t\t\t\t\t<\/label>\n\t\t\t\t\t\t\t\t\t\t\t\t\t\t<input size=\"1\" type=\"text\" name=\"form_fields[message]\" id=\"form-field-message\" class=\"elementor-field elementor-size-sm  elementor-field-textual\" placeholder=\"Objet\" required=\"required\">\n\t\t\t\t\t\t\t\t\t\t\t<\/div>\n\t\t\t\t\t\t\t\t<div class=\"elementor-field-type-textarea elementor-field-group elementor-column elementor-field-group-field_0999a60 elementor-col-100 elementor-field-required elementor-mark-required\">\n\t\t\t\t\t\t\t\t\t\t\t\t<label for=\"form-field-field_0999a60\" class=\"elementor-field-label\">\n\t\t\t\t\t\t\t\tMessage\t\t\t\t\t\t\t<\/label>\n\t\t\t\t\t\t<textarea class=\"elementor-field-textual elementor-field  elementor-size-sm\" name=\"form_fields[field_0999a60]\" id=\"form-field-field_0999a60\" rows=\"4\" placeholder=\"Message\" required=\"required\"><\/textarea>\t\t\t\t<\/div>\n\t\t\t\t\t\t\t\t<div class=\"elementor-field-type-recaptcha_v3 elementor-field-group elementor-column elementor-field-group-field_8b2ac8d elementor-col-100 recaptcha_v3-bottomright\">\n\t\t\t\t\t<div class=\"elementor-field\" id=\"form-field-field_8b2ac8d\"><div class=\"elementor-g-recaptcha\" data-sitekey=\"6Ldu6IMsAAAAADJCXqM4uShJ8GBlG2Rq-89g1w9y\" data-type=\"v3\" data-action=\"Form\" data-badge=\"bottomright\" data-size=\"invisible\"><\/div><\/div>\t\t\t\t<\/div>\n\t\t\t\t\t\t\t\t<div class=\"elementor-field-group elementor-column elementor-field-type-submit elementor-col-33 e-form__buttons\">\n\t\t\t\t\t<button class=\"elementor-button elementor-size-sm\" type=\"submit\">\n\t\t\t\t\t\t<span class=\"elementor-button-content-wrapper\">\n\t\t\t\t\t\t\t\t\t\t\t\t\t\t\t\t\t\t\t\t\t\t<span class=\"elementor-button-text\">Envoyer<\/span>\n\t\t\t\t\t\t\t\t\t\t\t\t\t<\/span>\n\t\t\t\t\t<\/button>\n\t\t\t\t<\/div>\n\t\t\t<\/div>\n\t\t<\/form>\n\t\t\t\t\t\t<\/div>\n\t\t\t\t<\/div>\n\t\t\t\t<\/div>\n\t\t\t\t\t<\/div>\n\t\t\t\t<\/div>\n\t\t<div class=\"elementor-element elementor-element-425a582 e-con-full e-flex e-con e-parent\" data-id=\"425a582\" data-element_type=\"container\" data-e-type=\"container\" data-settings=\"{&quot;background_background&quot;:&quot;classic&quot;}\">\n\t\t\t\t<div class=\"elementor-element elementor-element-dc24451 elementor-widget elementor-widget-html\" data-id=\"dc24451\" data-element_type=\"widget\" data-e-type=\"widget\" data-widget_type=\"html.default\">\n\t\t\t\t<div class=\"elementor-widget-container\">\n\t\t\t\t\t<div style=\"width:100%;border-radius:20px;overflow:hidden;\">\n  <iframe\n    src=\"https:\/\/www.google.com\/maps?q=48.992961,7.652345&z=10&output=embed\"\n    width=\"100%\"\n    height=\"450\"\n    style=\"border:0;display:block;\"\n    allowfullscreen=\"\"\n    loading=\"lazy\"\n    referrerpolicy=\"no-referrer-when-downgrade\">\n  <\/iframe>\n<\/div>\t\t\t\t<\/div>\n\t\t\t\t<\/div>\n\t\t\t\t<\/div>\n\t\t\t\t<\/div>\n\t\t","protected":false},"excerpt":{"rendered":"<p>Contact &amp; Booking Contact Details Would you like to book? Contact us info@lebuchwald.com Ancienne Maison Foresti\u00e8re de Buchwald 67110 Dambach Ancienne Maison Foresti\u00e8re de Buchwald \u2013 67110 Dambach Contact us<\/p>","protected":false},"author":7,"featured_media":4905,"parent":0,"menu_order":0,"comment_status":"closed","ping_status":"closed","template":"","meta":{"footnotes":""},"class_list":["post-4242","page","type-page","status-publish","has-post-thumbnail","hentry"],"yoast_head":"<!-- This site is optimized with the Yoast SEO plugin v27.3 - https:\/\/yoast.com\/product\/yoast-seo-wordpress\/ -->\n<title>R\u00e9servation du G\u00eete dans les Vosges - Le Buchwald<\/title>\n<meta name=\"description\" content=\"R\u00e9servez votre s\u00e9jour au Buchwald, g\u00eete d\u2019exception dans les Vosges du Nord : 8 chambres, piscine int\u00e9rieure, sauna et nature pr\u00e9serv\u00e9e\" \/>\n<meta name=\"robots\" content=\"index, follow, max-snippet:-1, max-image-preview:large, max-video-preview:-1\" \/>\n<link rel=\"canonical\" href=\"https:\/\/lebuchwald.com\/en\/reservation-gite-vosges\/\" \/>\n<meta property=\"og:locale\" content=\"en_GB\" \/>\n<meta property=\"og:type\" content=\"article\" \/>\n<meta property=\"og:title\" content=\"R\u00e9servation du G\u00eete dans les Vosges - Le Buchwald\" \/>\n<meta property=\"og:description\" content=\"R\u00e9servez votre s\u00e9jour au Buchwald, g\u00eete d\u2019exception dans les Vosges du Nord : 8 chambres, piscine int\u00e9rieure, sauna et nature pr\u00e9serv\u00e9e\" \/>\n<meta property=\"og:url\" content=\"https:\/\/lebuchwald.com\/en\/reservation-gite-vosges\/\" \/>\n<meta property=\"og:site_name\" content=\"Le Buchwald\" \/>\n<meta property=\"article:modified_time\" content=\"2026-04-15T09:49:32+00:00\" \/>\n<meta property=\"og:image\" content=\"https:\/\/lebuchwald.com\/wp-content\/uploads\/2026\/03\/IMG_0103.jpeg\" \/>\n\t<meta property=\"og:image:width\" content=\"2048\" \/>\n\t<meta property=\"og:image:height\" content=\"1536\" \/>\n\t<meta property=\"og:image:type\" content=\"image\/jpeg\" \/>\n<meta name=\"twitter:card\" content=\"summary_large_image\" \/>\n<meta name=\"twitter:label1\" content=\"Estimated reading time\" \/>\n\t<meta name=\"twitter:data1\" content=\"1 minute\" \/>\n<script type=\"application\/ld+json\" class=\"yoast-schema-graph\">{\"@context\":\"https:\\\/\\\/schema.org\",\"@graph\":[{\"@type\":\"WebPage\",\"@id\":\"https:\\\/\\\/lebuchwald.com\\\/reservation-gite-vosges\\\/\",\"url\":\"https:\\\/\\\/lebuchwald.com\\\/reservation-gite-vosges\\\/\",\"name\":\"R\u00e9servation du G\u00eete dans les Vosges - Le Buchwald\",\"isPartOf\":{\"@id\":\"https:\\\/\\\/lebuchwald.com\\\/#website\"},\"primaryImageOfPage\":{\"@id\":\"https:\\\/\\\/lebuchwald.com\\\/reservation-gite-vosges\\\/#primaryimage\"},\"image\":{\"@id\":\"https:\\\/\\\/lebuchwald.com\\\/reservation-gite-vosges\\\/#primaryimage\"},\"thumbnailUrl\":\"https:\\\/\\\/lebuchwald.com\\\/wp-content\\\/uploads\\\/2026\\\/03\\\/IMG_0103.jpeg\",\"datePublished\":\"2025-07-01T16:18:01+00:00\",\"dateModified\":\"2026-04-15T09:49:32+00:00\",\"description\":\"R\u00e9servez votre s\u00e9jour au Buchwald, g\u00eete d\u2019exception dans les Vosges du Nord : 8 chambres, piscine int\u00e9rieure, sauna et nature pr\u00e9serv\u00e9e\",\"breadcrumb\":{\"@id\":\"https:\\\/\\\/lebuchwald.com\\\/reservation-gite-vosges\\\/#breadcrumb\"},\"inLanguage\":\"en-GB\",\"potentialAction\":[{\"@type\":\"ReadAction\",\"target\":[\"https:\\\/\\\/lebuchwald.com\\\/reservation-gite-vosges\\\/\"]}]},{\"@type\":\"ImageObject\",\"inLanguage\":\"en-GB\",\"@id\":\"https:\\\/\\\/lebuchwald.com\\\/reservation-gite-vosges\\\/#primaryimage\",\"url\":\"https:\\\/\\\/lebuchwald.com\\\/wp-content\\\/uploads\\\/2026\\\/03\\\/IMG_0103.jpeg\",\"contentUrl\":\"https:\\\/\\\/lebuchwald.com\\\/wp-content\\\/uploads\\\/2026\\\/03\\\/IMG_0103.jpeg\",\"width\":2048,\"height\":1536,\"caption\":\"gite vosges\"},{\"@type\":\"BreadcrumbList\",\"@id\":\"https:\\\/\\\/lebuchwald.com\\\/reservation-gite-vosges\\\/#breadcrumb\",\"itemListElement\":[{\"@type\":\"ListItem\",\"position\":1,\"name\":\"Accueil\",\"item\":\"https:\\\/\\\/lebuchwald.com\\\/\"},{\"@type\":\"ListItem\",\"position\":2,\"name\":\"R\u00e9servation du G\u00eete dans les Vosges\"}]},{\"@type\":\"WebSite\",\"@id\":\"https:\\\/\\\/lebuchwald.com\\\/#website\",\"url\":\"https:\\\/\\\/lebuchwald.com\\\/\",\"name\":\"Le Buchwald\",\"description\":\"Location de g\u00eete dans les Vosges\",\"publisher\":{\"@id\":\"https:\\\/\\\/lebuchwald.com\\\/#organization\"},\"potentialAction\":[{\"@type\":\"SearchAction\",\"target\":{\"@type\":\"EntryPoint\",\"urlTemplate\":\"https:\\\/\\\/lebuchwald.com\\\/?s={search_term_string}\"},\"query-input\":{\"@type\":\"PropertyValueSpecification\",\"valueRequired\":true,\"valueName\":\"search_term_string\"}}],\"inLanguage\":\"en-GB\"},{\"@type\":\"Organization\",\"@id\":\"https:\\\/\\\/lebuchwald.com\\\/#organization\",\"name\":\"Le Buchwald\",\"url\":\"https:\\\/\\\/lebuchwald.com\\\/\",\"logo\":{\"@type\":\"ImageObject\",\"inLanguage\":\"en-GB\",\"@id\":\"https:\\\/\\\/lebuchwald.com\\\/#\\\/schema\\\/logo\\\/image\\\/\",\"url\":\"https:\\\/\\\/lebuchwald.com\\\/wp-content\\\/uploads\\\/2025\\\/01\\\/logo-buchwald.png\",\"contentUrl\":\"https:\\\/\\\/lebuchwald.com\\\/wp-content\\\/uploads\\\/2025\\\/01\\\/logo-buchwald.png\",\"width\":572,\"height\":733,\"caption\":\"Le Buchwald\"},\"image\":{\"@id\":\"https:\\\/\\\/lebuchwald.com\\\/#\\\/schema\\\/logo\\\/image\\\/\"}}]}<\/script>\n<!-- \/ Yoast SEO plugin. -->","yoast_head_json":{"title":"Book your G\u00eete in the Vosges - Le Buchwald","description":"Book your stay at Buchwald, an exceptional g\u00eete in the Vosges du Nord: 8 bedrooms, indoor pool, sauna and unspoilt countryside","robots":{"index":"index","follow":"follow","max-snippet":"max-snippet:-1","max-image-preview":"max-image-preview:large","max-video-preview":"max-video-preview:-1"},"canonical":"https:\/\/lebuchwald.com\/en\/reservation-gite-vosges\/","og_locale":"en_GB","og_type":"article","og_title":"R\u00e9servation du G\u00eete dans les Vosges - Le Buchwald","og_description":"R\u00e9servez votre s\u00e9jour au Buchwald, g\u00eete d\u2019exception dans les Vosges du Nord : 8 chambres, piscine int\u00e9rieure, sauna et nature pr\u00e9serv\u00e9e","og_url":"https:\/\/lebuchwald.com\/en\/reservation-gite-vosges\/","og_site_name":"Le Buchwald","article_modified_time":"2026-04-15T09:49:32+00:00","og_image":[{"width":2048,"height":1536,"url":"https:\/\/lebuchwald.com\/wp-content\/uploads\/2026\/03\/IMG_0103.jpeg","type":"image\/jpeg"}],"twitter_card":"summary_large_image","twitter_misc":{"Estimated reading time":"1 minute"},"schema":{"@context":"https:\/\/schema.org","@graph":[{"@type":"WebPage","@id":"https:\/\/lebuchwald.com\/reservation-gite-vosges\/","url":"https:\/\/lebuchwald.com\/reservation-gite-vosges\/","name":"Book your G\u00eete in the Vosges - Le Buchwald","isPartOf":{"@id":"https:\/\/lebuchwald.com\/#website"},"primaryImageOfPage":{"@id":"https:\/\/lebuchwald.com\/reservation-gite-vosges\/#primaryimage"},"image":{"@id":"https:\/\/lebuchwald.com\/reservation-gite-vosges\/#primaryimage"},"thumbnailUrl":"https:\/\/lebuchwald.com\/wp-content\/uploads\/2026\/03\/IMG_0103.jpeg","datePublished":"2025-07-01T16:18:01+00:00","dateModified":"2026-04-15T09:49:32+00:00","description":"Book your stay at Buchwald, an exceptional g\u00eete in the Vosges du Nord: 8 bedrooms, indoor pool, sauna and unspoilt countryside","breadcrumb":{"@id":"https:\/\/lebuchwald.com\/reservation-gite-vosges\/#breadcrumb"},"inLanguage":"en-GB","potentialAction":[{"@type":"ReadAction","target":["https:\/\/lebuchwald.com\/reservation-gite-vosges\/"]}]},{"@type":"ImageObject","inLanguage":"en-GB","@id":"https:\/\/lebuchwald.com\/reservation-gite-vosges\/#primaryimage","url":"https:\/\/lebuchwald.com\/wp-content\/uploads\/2026\/03\/IMG_0103.jpeg","contentUrl":"https:\/\/lebuchwald.com\/wp-content\/uploads\/2026\/03\/IMG_0103.jpeg","width":2048,"height":1536,"caption":"gite vosges"},{"@type":"BreadcrumbList","@id":"https:\/\/lebuchwald.com\/reservation-gite-vosges\/#breadcrumb","itemListElement":[{"@type":"ListItem","position":1,"name":"Accueil","item":"https:\/\/lebuchwald.com\/"},{"@type":"ListItem","position":2,"name":"R\u00e9servation du G\u00eete dans les Vosges"}]},{"@type":"WebSite","@id":"https:\/\/lebuchwald.com\/#website","url":"https:\/\/lebuchwald.com\/","name":"Le Buchwald","description":"G\u00eete rental in the Vosges","publisher":{"@id":"https:\/\/lebuchwald.com\/#organization"},"potentialAction":[{"@type":"SearchAction","target":{"@type":"EntryPoint","urlTemplate":"https:\/\/lebuchwald.com\/?s={search_term_string}"},"query-input":{"@type":"PropertyValueSpecification","valueRequired":true,"valueName":"search_term_string"}}],"inLanguage":"en-GB"},{"@type":"Organization","@id":"https:\/\/lebuchwald.com\/#organization","name":"Le Buchwald","url":"https:\/\/lebuchwald.com\/","logo":{"@type":"ImageObject","inLanguage":"en-GB","@id":"https:\/\/lebuchwald.com\/#\/schema\/logo\/image\/","url":"https:\/\/lebuchwald.com\/wp-content\/uploads\/2025\/01\/logo-buchwald.png","contentUrl":"https:\/\/lebuchwald.com\/wp-content\/uploads\/2025\/01\/logo-buchwald.png","width":572,"height":733,"caption":"Le Buchwald"},"image":{"@id":"https:\/\/lebuchwald.com\/#\/schema\/logo\/image\/"}}]}},"_links":{"self":[{"href":"https:\/\/lebuchwald.com\/en\/wp-json\/wp\/v2\/pages\/4242","targetHints":{"allow":["GET"]}}],"collection":[{"href":"https:\/\/lebuchwald.com\/en\/wp-json\/wp\/v2\/pages"}],"about":[{"href":"https:\/\/lebuchwald.com\/en\/wp-json\/wp\/v2\/types\/page"}],"author":[{"embeddable":true,"href":"https:\/\/lebuchwald.com\/en\/wp-json\/wp\/v2\/users\/7"}],"replies":[{"embeddable":true,"href":"https:\/\/lebuchwald.com\/en\/wp-json\/wp\/v2\/comments?post=4242"}],"version-history":[{"count":9,"href":"https:\/\/lebuchwald.com\/en\/wp-json\/wp\/v2\/pages\/4242\/revisions"}],"predecessor-version":[{"id":5377,"href":"https:\/\/lebuchwald.com\/en\/wp-json\/wp\/v2\/pages\/4242\/revisions\/5377"}],"wp:featuredmedia":[{"embeddable":true,"href":"https:\/\/lebuchwald.com\/en\/wp-json\/wp\/v2\/media\/4905"}],"wp:attachment":[{"href":"https:\/\/lebuchwald.com\/en\/wp-json\/wp\/v2\/media?parent=4242"}],"curies":[{"name":"wp","href":"https:\/\/api.w.org\/{rel}","templated":true}]}}