{"id":2582,"date":"2025-03-02T18:27:58","date_gmt":"2025-03-02T17:27:58","guid":{"rendered":"https:\/\/m1.lpcolors.com\/?page_id=2582"},"modified":"2026-03-17T13:11:15","modified_gmt":"2026-03-17T12:11:15","slug":"legal-information","status":"publish","type":"page","link":"https:\/\/lebuchwald.com\/en\/mentions-legales\/","title":{"rendered":"Legal information"},"content":{"rendered":"<div data-elementor-type=\"wp-page\" data-elementor-id=\"2582\" class=\"elementor elementor-2582\" data-elementor-post-type=\"page\">\n\t\t\t\t\t\t<section class=\"elementor-section elementor-top-section elementor-element elementor-element-5f58147b elementor-section-full_width elementor-section-height-min-height elementor-section-items-stretch elementor-section-height-default\" data-id=\"5f58147b\" data-element_type=\"section\" data-e-type=\"section\" data-settings=\"{&quot;background_background&quot;:&quot;classic&quot;}\">\n\t\t\t\t\t\t\t<div class=\"elementor-background-overlay\"><\/div>\n\t\t\t\t\t\t\t<div class=\"elementor-container elementor-column-gap-default\">\n\t\t\t\t\t<div class=\"elementor-column elementor-col-100 elementor-top-column elementor-element elementor-element-3f7accbd\" data-id=\"3f7accbd\" data-element_type=\"column\" data-e-type=\"column\" data-settings=\"{&quot;background_background&quot;:&quot;classic&quot;}\">\n\t\t\t<div class=\"elementor-widget-wrap elementor-element-populated\">\n\t\t\t\t\t\t<section class=\"elementor-section elementor-inner-section elementor-element elementor-element-6eff4522 elementor-section-boxed elementor-section-height-default elementor-section-height-default\" data-id=\"6eff4522\" data-element_type=\"section\" data-e-type=\"section\">\n\t\t\t\t\t\t<div class=\"elementor-container elementor-column-gap-default\">\n\t\t\t\t\t<div class=\"elementor-column elementor-col-100 elementor-inner-column elementor-element elementor-element-8b1d653\" data-id=\"8b1d653\" data-element_type=\"column\" data-e-type=\"column\">\n\t\t\t<div class=\"elementor-widget-wrap elementor-element-populated\">\n\t\t\t\t\t\t<div class=\"elementor-element elementor-element-65675542 elementor-invisible elementor-widget elementor-widget-heading\" data-id=\"65675542\" data-element_type=\"widget\" data-e-type=\"widget\" data-settings=\"{&quot;_animation&quot;:&quot;fadeInUp&quot;}\" data-widget_type=\"heading.default\">\n\t\t\t\t<div class=\"elementor-widget-container\">\n\t\t\t\t\t<h1 class=\"elementor-heading-title elementor-size-default\">Legal information<\/h1>\t\t\t\t<\/div>\n\t\t\t\t<\/div>\n\t\t\t\t\t<\/div>\n\t\t<\/div>\n\t\t\t\t\t<\/div>\n\t\t<\/section>\n\t\t\t\t\t<\/div>\n\t\t<\/div>\n\t\t\t\t\t<\/div>\n\t\t<\/section>\n\t\t<div class=\"elementor-element elementor-element-824cc50 e-flex e-con-boxed e-con e-parent\" data-id=\"824cc50\" data-element_type=\"container\" data-e-type=\"container\">\n\t\t\t\t\t<div class=\"e-con-inner\">\n\t\t\t\t<div class=\"elementor-element elementor-element-a042bba elementor-widget elementor-widget-html\" data-id=\"a042bba\" data-element_type=\"widget\" data-e-type=\"widget\" data-widget_type=\"html.default\">\n\t\t\t\t<div class=\"elementor-widget-container\">\n\t\t\t\t\t<div class=\"mentions-legales\">\n\n<h2>Legal information<\/h2>\n\n<p>\nIn accordance with Articles 6-III and 19 of Law No. 2004-575 of 21 June 2004 on confidence in the digital economy (LCEN), users of the site are advised that <strong>www.lebuchwald.com<\/strong> the identity of the various parties involved in its implementation and monitoring.\n<\/p>\n\n<hr>\n\n<h3>Site publisher<\/h3>\n<p>\n<strong>Le Buchwald<\/strong><br>\n\nEmail : <a href=\"mailto:info@lebuchwald.com\">info@lebuchwald.com<\/a><br>\nWebsite : <a href=\"https:\/\/lebuchwald.com\/en\/\" target=\"_blank\">www.lebuchwald.com<\/a>\n<\/p>\n\n<hr>\n\n<h3>Website design and production<\/h3>\n<p>\nSite designed and produced by :<br>\n<strong>Youvanna<\/strong><br>\nWebsite : <a href=\"https:\/\/www.youvanna.com\" target=\"_blank\">www.youvanna.com<\/a>\n<\/p>\n\n<hr>\n\n<h3>Hosting<\/h3>\n<p>\nThe site is hosted by :<br>\n<strong>Hostinger International Ltd.<\/strong><br>\n61 Lordou Vironos Street, 6023 Larnaca, Cyprus<br>\nWebsite : <a href=\"https:\/\/www.hostinger.com\" target=\"_blank\">www.hostinger.com<\/a>\n<\/p>\n\n<hr>\n\n<h3>Site access<\/h3>\n<p>\nThe site is accessible to users at all times. However, the publisher may decide to interrupt the site for technical maintenance purposes. In such a case, the publisher will endeavour to inform users of the dates and times of the intervention in advance.\n<\/p>\n\n<hr>\n\n<h3>Personal data<\/h3>\n<p>\nAny information collected via the site (contact form, request for information or booking) is intended solely for the use of the site manager in order to respond to users' requests.\n<\/p>\n\n<p>\nIn accordance with the General Data Protection Regulation (RGPD) and the French Data Protection Act, you have the right to access, rectify, delete and object to your personal data.\n<\/p>\n\n<p>\nTo exercise these rights, please contact :<br>\n<a href=\"mailto:info@lebuchwald.com\"> info@lebuchwald.com<\/a>\n<\/p>\n\n<hr>\n\n<h3>Cookies<\/h3>\n<p>\nThe site may use cookies to improve the user experience and measure the audience. Users can accept or refuse these cookies via the appropriate banner or by configuring their web browser.\n<\/p>\n\n<hr>\n\n<h3>Intellectual property<\/h3>\n<p>\nThe entire content of the site <strong>www.lebuchwald.com<\/strong> (text, images, graphics, logos, videos, etc.) is protected by current intellectual property laws.\n<\/p>\n\n<p>\nAny reproduction, representation, modification, publication or adaptation of all or part of the elements of the site, whatever the means or process used, is forbidden without prior written authorisation.\n<\/p>\n\n<\/div>\t\t\t\t<\/div>\n\t\t\t\t<\/div>\n\t\t\t\t\t<\/div>\n\t\t\t\t<\/div>\n\t\t\t\t<\/div>","protected":false},"excerpt":{"rendered":"<p>Mentions l\u00e9gales Mentions l\u00e9gales Conform\u00e9ment aux articles 6-III et 19 de la loi n\u00b02004-575 du 21 juin 2004 pour la confiance dans l\u2019\u00e9conomie num\u00e9rique (LCEN), il est pr\u00e9cis\u00e9 aux utilisateurs du site www.lebuchwald.com l\u2019identit\u00e9 des diff\u00e9rents intervenants dans le cadre de sa r\u00e9alisation et de son suivi. \u00c9diteur du site Le Buchwald Email : info@lebuchwald.com [&hellip;]<\/p>\n","protected":false},"author":7,"featured_media":0,"parent":0,"menu_order":0,"comment_status":"closed","ping_status":"closed","template":"","meta":{"footnotes":""},"class_list":["post-2582","page","type-page","status-publish","hentry"],"yoast_head":"<!-- This site is optimized with the Yoast SEO plugin v27.3 - https:\/\/yoast.com\/product\/yoast-seo-wordpress\/ -->\n<title>Mentions l\u00e9gales - Le Buchwald<\/title>\n<meta name=\"robots\" content=\"index, follow, max-snippet:-1, max-image-preview:large, max-video-preview:-1\" \/>\n<link rel=\"canonical\" href=\"https:\/\/lebuchwald.com\/en\/legal-information\/\" \/>\n<meta property=\"og:locale\" content=\"en_GB\" \/>\n<meta property=\"og:type\" content=\"article\" \/>\n<meta property=\"og:title\" content=\"Mentions l\u00e9gales - Le Buchwald\" \/>\n<meta property=\"og:description\" content=\"Mentions l\u00e9gales Mentions l\u00e9gales Conform\u00e9ment aux articles 6-III et 19 de la loi n\u00b02004-575 du 21 juin 2004 pour la confiance dans l\u2019\u00e9conomie num\u00e9rique (LCEN), il est pr\u00e9cis\u00e9 aux utilisateurs du site www.lebuchwald.com l\u2019identit\u00e9 des diff\u00e9rents intervenants dans le cadre de sa r\u00e9alisation et de son suivi. \u00c9diteur du site Le Buchwald Email : info@lebuchwald.com [&hellip;]\" \/>\n<meta property=\"og:url\" content=\"https:\/\/lebuchwald.com\/en\/legal-information\/\" \/>\n<meta property=\"og:site_name\" content=\"Le Buchwald\" \/>\n<meta property=\"article:modified_time\" content=\"2026-03-17T12:11:15+00:00\" \/>\n<meta name=\"twitter:card\" content=\"summary_large_image\" \/>\n<meta name=\"twitter:label1\" content=\"Estimated reading time\" \/>\n\t<meta name=\"twitter:data1\" content=\"2 minutes\" \/>\n<script type=\"application\/ld+json\" class=\"yoast-schema-graph\">{\"@context\":\"https:\\\/\\\/schema.org\",\"@graph\":[{\"@type\":\"WebPage\",\"@id\":\"https:\\\/\\\/lebuchwald.com\\\/en\\\/legal-information\\\/\",\"url\":\"https:\\\/\\\/lebuchwald.com\\\/en\\\/legal-information\\\/\",\"name\":\"Mentions l\u00e9gales - Le Buchwald\",\"isPartOf\":{\"@id\":\"https:\\\/\\\/lebuchwald.com\\\/#website\"},\"datePublished\":\"2025-03-02T17:27:58+00:00\",\"dateModified\":\"2026-03-17T12:11:15+00:00\",\"breadcrumb\":{\"@id\":\"https:\\\/\\\/lebuchwald.com\\\/en\\\/legal-information\\\/#breadcrumb\"},\"inLanguage\":\"en-GB\",\"potentialAction\":[{\"@type\":\"ReadAction\",\"target\":[\"https:\\\/\\\/lebuchwald.com\\\/en\\\/legal-information\\\/\"]}]},{\"@type\":\"BreadcrumbList\",\"@id\":\"https:\\\/\\\/lebuchwald.com\\\/en\\\/legal-information\\\/#breadcrumb\",\"itemListElement\":[{\"@type\":\"ListItem\",\"position\":1,\"name\":\"Accueil\",\"item\":\"https:\\\/\\\/lebuchwald.com\\\/\"},{\"@type\":\"ListItem\",\"position\":2,\"name\":\"Mentions l\u00e9gales\"}]},{\"@type\":\"WebSite\",\"@id\":\"https:\\\/\\\/lebuchwald.com\\\/#website\",\"url\":\"https:\\\/\\\/lebuchwald.com\\\/\",\"name\":\"Le Buchwald\",\"description\":\"Location de g\u00eete dans les Vosges\",\"publisher\":{\"@id\":\"https:\\\/\\\/lebuchwald.com\\\/#organization\"},\"potentialAction\":[{\"@type\":\"SearchAction\",\"target\":{\"@type\":\"EntryPoint\",\"urlTemplate\":\"https:\\\/\\\/lebuchwald.com\\\/?s={search_term_string}\"},\"query-input\":{\"@type\":\"PropertyValueSpecification\",\"valueRequired\":true,\"valueName\":\"search_term_string\"}}],\"inLanguage\":\"en-GB\"},{\"@type\":\"Organization\",\"@id\":\"https:\\\/\\\/lebuchwald.com\\\/#organization\",\"name\":\"Le Buchwald\",\"url\":\"https:\\\/\\\/lebuchwald.com\\\/\",\"logo\":{\"@type\":\"ImageObject\",\"inLanguage\":\"en-GB\",\"@id\":\"https:\\\/\\\/lebuchwald.com\\\/#\\\/schema\\\/logo\\\/image\\\/\",\"url\":\"https:\\\/\\\/lebuchwald.com\\\/wp-content\\\/uploads\\\/2025\\\/01\\\/logo-buchwald.png\",\"contentUrl\":\"https:\\\/\\\/lebuchwald.com\\\/wp-content\\\/uploads\\\/2025\\\/01\\\/logo-buchwald.png\",\"width\":572,\"height\":733,\"caption\":\"Le Buchwald\"},\"image\":{\"@id\":\"https:\\\/\\\/lebuchwald.com\\\/#\\\/schema\\\/logo\\\/image\\\/\"}}]}<\/script>\n<!-- \/ Yoast SEO plugin. -->","yoast_head_json":{"title":"Legal information - Le Buchwald","robots":{"index":"index","follow":"follow","max-snippet":"max-snippet:-1","max-image-preview":"max-image-preview:large","max-video-preview":"max-video-preview:-1"},"canonical":"https:\/\/lebuchwald.com\/en\/legal-information\/","og_locale":"en_GB","og_type":"article","og_title":"Mentions l\u00e9gales - Le Buchwald","og_description":"Mentions l\u00e9gales Mentions l\u00e9gales Conform\u00e9ment aux articles 6-III et 19 de la loi n\u00b02004-575 du 21 juin 2004 pour la confiance dans l\u2019\u00e9conomie num\u00e9rique (LCEN), il est pr\u00e9cis\u00e9 aux utilisateurs du site www.lebuchwald.com l\u2019identit\u00e9 des diff\u00e9rents intervenants dans le cadre de sa r\u00e9alisation et de son suivi. \u00c9diteur du site Le Buchwald Email : info@lebuchwald.com [&hellip;]","og_url":"https:\/\/lebuchwald.com\/en\/legal-information\/","og_site_name":"Le Buchwald","article_modified_time":"2026-03-17T12:11:15+00:00","twitter_card":"summary_large_image","twitter_misc":{"Estimated reading time":"2 minutes"},"schema":{"@context":"https:\/\/schema.org","@graph":[{"@type":"WebPage","@id":"https:\/\/lebuchwald.com\/en\/legal-information\/","url":"https:\/\/lebuchwald.com\/en\/legal-information\/","name":"Legal information - Le Buchwald","isPartOf":{"@id":"https:\/\/lebuchwald.com\/#website"},"datePublished":"2025-03-02T17:27:58+00:00","dateModified":"2026-03-17T12:11:15+00:00","breadcrumb":{"@id":"https:\/\/lebuchwald.com\/en\/legal-information\/#breadcrumb"},"inLanguage":"en-GB","potentialAction":[{"@type":"ReadAction","target":["https:\/\/lebuchwald.com\/en\/legal-information\/"]}]},{"@type":"BreadcrumbList","@id":"https:\/\/lebuchwald.com\/en\/legal-information\/#breadcrumb","itemListElement":[{"@type":"ListItem","position":1,"name":"Accueil","item":"https:\/\/lebuchwald.com\/"},{"@type":"ListItem","position":2,"name":"Mentions l\u00e9gales"}]},{"@type":"WebSite","@id":"https:\/\/lebuchwald.com\/#website","url":"https:\/\/lebuchwald.com\/","name":"Le Buchwald","description":"G\u00eete rental in the Vosges","publisher":{"@id":"https:\/\/lebuchwald.com\/#organization"},"potentialAction":[{"@type":"SearchAction","target":{"@type":"EntryPoint","urlTemplate":"https:\/\/lebuchwald.com\/?s={search_term_string}"},"query-input":{"@type":"PropertyValueSpecification","valueRequired":true,"valueName":"search_term_string"}}],"inLanguage":"en-GB"},{"@type":"Organization","@id":"https:\/\/lebuchwald.com\/#organization","name":"Le Buchwald","url":"https:\/\/lebuchwald.com\/","logo":{"@type":"ImageObject","inLanguage":"en-GB","@id":"https:\/\/lebuchwald.com\/#\/schema\/logo\/image\/","url":"https:\/\/lebuchwald.com\/wp-content\/uploads\/2025\/01\/logo-buchwald.png","contentUrl":"https:\/\/lebuchwald.com\/wp-content\/uploads\/2025\/01\/logo-buchwald.png","width":572,"height":733,"caption":"Le Buchwald"},"image":{"@id":"https:\/\/lebuchwald.com\/#\/schema\/logo\/image\/"}}]}},"_links":{"self":[{"href":"https:\/\/lebuchwald.com\/en\/wp-json\/wp\/v2\/pages\/2582","targetHints":{"allow":["GET"]}}],"collection":[{"href":"https:\/\/lebuchwald.com\/en\/wp-json\/wp\/v2\/pages"}],"about":[{"href":"https:\/\/lebuchwald.com\/en\/wp-json\/wp\/v2\/types\/page"}],"author":[{"embeddable":true,"href":"https:\/\/lebuchwald.com\/en\/wp-json\/wp\/v2\/users\/7"}],"replies":[{"embeddable":true,"href":"https:\/\/lebuchwald.com\/en\/wp-json\/wp\/v2\/comments?post=2582"}],"version-history":[{"count":0,"href":"https:\/\/lebuchwald.com\/en\/wp-json\/wp\/v2\/pages\/2582\/revisions"}],"wp:attachment":[{"href":"https:\/\/lebuchwald.com\/en\/wp-json\/wp\/v2\/media?parent=2582"}],"curies":[{"name":"wp","href":"https:\/\/api.w.org\/{rel}","templated":true}]}}