{"id":2582,"date":"2025-03-02T18:27:58","date_gmt":"2025-03-02T17:27:58","guid":{"rendered":"https:\/\/m1.lpcolors.com\/?page_id=2582"},"modified":"2026-03-17T13:11:15","modified_gmt":"2026-03-17T12:11:15","slug":"rechtliche-hinweise","status":"publish","type":"page","link":"https:\/\/lebuchwald.com\/de\/mentions-legales\/","title":{"rendered":"Rechtliche Hinweise"},"content":{"rendered":"<div data-elementor-type=\"wp-page\" data-elementor-id=\"2582\" class=\"elementor elementor-2582\" data-elementor-post-type=\"page\">\n\t\t\t\t\t\t<section class=\"elementor-section elementor-top-section elementor-element elementor-element-5f58147b elementor-section-full_width elementor-section-height-min-height elementor-section-items-stretch elementor-section-height-default\" data-id=\"5f58147b\" data-element_type=\"section\" data-e-type=\"section\" data-settings=\"{&quot;background_background&quot;:&quot;classic&quot;}\">\n\t\t\t\t\t\t\t<div class=\"elementor-background-overlay\"><\/div>\n\t\t\t\t\t\t\t<div class=\"elementor-container elementor-column-gap-default\">\n\t\t\t\t\t<div class=\"elementor-column elementor-col-100 elementor-top-column elementor-element elementor-element-3f7accbd\" data-id=\"3f7accbd\" data-element_type=\"column\" data-e-type=\"column\" data-settings=\"{&quot;background_background&quot;:&quot;classic&quot;}\">\n\t\t\t<div class=\"elementor-widget-wrap elementor-element-populated\">\n\t\t\t\t\t\t<section class=\"elementor-section elementor-inner-section elementor-element elementor-element-6eff4522 elementor-section-boxed elementor-section-height-default elementor-section-height-default\" data-id=\"6eff4522\" data-element_type=\"section\" data-e-type=\"section\">\n\t\t\t\t\t\t<div class=\"elementor-container elementor-column-gap-default\">\n\t\t\t\t\t<div class=\"elementor-column elementor-col-100 elementor-inner-column elementor-element elementor-element-8b1d653\" data-id=\"8b1d653\" data-element_type=\"column\" data-e-type=\"column\">\n\t\t\t<div class=\"elementor-widget-wrap elementor-element-populated\">\n\t\t\t\t\t\t<div class=\"elementor-element elementor-element-65675542 elementor-invisible elementor-widget elementor-widget-heading\" data-id=\"65675542\" data-element_type=\"widget\" data-e-type=\"widget\" data-settings=\"{&quot;_animation&quot;:&quot;fadeInUp&quot;}\" data-widget_type=\"heading.default\">\n\t\t\t\t<div class=\"elementor-widget-container\">\n\t\t\t\t\t<h1 class=\"elementor-heading-title elementor-size-default\">Rechtliche Hinweise<\/h1>\t\t\t\t<\/div>\n\t\t\t\t<\/div>\n\t\t\t\t\t<\/div>\n\t\t<\/div>\n\t\t\t\t\t<\/div>\n\t\t<\/section>\n\t\t\t\t\t<\/div>\n\t\t<\/div>\n\t\t\t\t\t<\/div>\n\t\t<\/section>\n\t\t<div class=\"elementor-element elementor-element-824cc50 e-flex e-con-boxed e-con e-parent\" data-id=\"824cc50\" data-element_type=\"container\" data-e-type=\"container\">\n\t\t\t\t\t<div class=\"e-con-inner\">\n\t\t\t\t<div class=\"elementor-element elementor-element-a042bba elementor-widget elementor-widget-html\" data-id=\"a042bba\" data-element_type=\"widget\" data-e-type=\"widget\" data-widget_type=\"html.default\">\n\t\t\t\t<div class=\"elementor-widget-container\">\n\t\t\t\t\t<div class=\"mentions-legales\">\n\n<h2>Rechtliche Hinweise<\/h2>\n\n<p>\nGem\u00e4\u00df Artikel 6-III und 19 des Gesetzes Nr. 2004-575 vom 21. Juni 2004 \u00fcber das Vertrauen in die digitale Wirtschaft (LCEN) wird den Nutzern der Website Folgendes mitgeteilt <strong>www.lebuchwald.com<\/strong> die Identit\u00e4t der verschiedenen Personen, die an seiner Durchf\u00fchrung und Nachbereitung beteiligt sind.\n<\/p>\n\n<hr>\n\n<h3>Herausgeber der Seite<\/h3>\n<p>\n<strong>Le Buchwald<\/strong><br>\n\nE-Mail: <a href=\"mailto:info@lebuchwald.com\">info@lebuchwald.com<\/a><br>\nWebsite : <a href=\"https:\/\/lebuchwald.com\/de\/\" target=\"_blank\">www.lebuchwald.com<\/a>\n<\/p>\n\n<hr>\n\n<h3>Konzeption und Gestaltung der Website<\/h3>\n<p>\nWebsite konzipiert und gestaltet von :<br>\n<strong>Youvanna<\/strong><br>\nWebsite : <a href=\"https:\/\/www.youvanna.com\" target=\"_blank\">www.youvanna.com<\/a>\n<\/p>\n\n<hr>\n\n<h3>Unterkunft<\/h3>\n<p>\nDie Website wird gehostet von :<br>\n<strong>Hostinger International Ltd.<\/strong><br>\n61 Lordou Vironos Street, 6023 Larnaca, Zypern<br>\nWebsite : <a href=\"https:\/\/www.hostinger.com\" target=\"_blank\">www.hostinger.com<\/a>\n<\/p>\n\n<hr>\n\n<h3>Zugriff auf die Seite<\/h3>\n<p>\nDie Website ist f\u00fcr die Nutzer jederzeit zug\u00e4nglich. Der Herausgeber kann jedoch eine Unterbrechung aufgrund technischer Wartungsarbeiten beschlie\u00dfen und wird sich bem\u00fchen, die Nutzer vorab \u00fcber die Daten und Zeiten des Eingriffs zu informieren.\n<\/p>\n\n<hr>\n\n<h3>Pers\u00f6nliche Daten<\/h3>\n<p>\nDie Informationen, die eventuell \u00fcber die Website (Kontaktformular, Informationsanfrage oder Reservierung) gesammelt werden, sind ausschlie\u00dflich f\u00fcr die Verwendung durch den Verantwortlichen der Website bestimmt, um die Anfragen der Nutzer zu beantworten.\n<\/p>\n\n<p>\nGem\u00e4\u00df der Allgemeinen Datenschutzverordnung (DSGVO) und dem franz\u00f6sischen Datenschutzgesetz (Loi Informatique et Libert\u00e9s) haben Sie ein Recht auf Zugang, Berichtigung, L\u00f6schung und Widerspruch bez\u00fcglich Ihrer pers\u00f6nlichen Daten.\n<\/p>\n\n<p>\nUm diese Rechte auszu\u00fcben, k\u00f6nnen Sie sich an :<br>\n<a href=\"mailto:info@lebuchwald.com\"> info@lebuchwald.com<\/a>\n<\/p>\n\n<hr>\n\n<h3>Cookies<\/h3>\n<p>\nDie Website kann Cookies verwenden, um die Nutzererfahrung zu verbessern und das Publikum zu messen. Der Nutzer kann diese Cookies \u00fcber den daf\u00fcr vorgesehenen Banner oder durch die Konfiguration seines Internetbrowsers annehmen oder ablehnen.\n<\/p>\n\n<hr>\n\n<h3>Geistiges Eigentum<\/h3>\n<p>\nDer gesamte Inhalt der Seite <strong>www.lebuchwald.com<\/strong> (Texte, Bilder, Grafiken, Logos, Videos usw.) ist durch die geltenden Gesetze \u00fcber geistiges Eigentum gesch\u00fctzt.\n<\/p>\n\n<p>\nJede Vervielf\u00e4ltigung, Darstellung, \u00c4nderung, Ver\u00f6ffentlichung oder Anpassung aller oder eines Teils der Elemente der Website, unabh\u00e4ngig von den verwendeten Mitteln oder Verfahren, ist ohne vorherige schriftliche Genehmigung untersagt.\n<\/p>\n\n<\/div>\t\t\t\t<\/div>\n\t\t\t\t<\/div>\n\t\t\t\t\t<\/div>\n\t\t\t\t<\/div>\n\t\t\t\t<\/div>","protected":false},"excerpt":{"rendered":"<p>Mentions l\u00e9gales Mentions l\u00e9gales Conform\u00e9ment aux articles 6-III et 19 de la loi n\u00b02004-575 du 21 juin 2004 pour la confiance dans l\u2019\u00e9conomie num\u00e9rique (LCEN), il est pr\u00e9cis\u00e9 aux utilisateurs du site www.lebuchwald.com l\u2019identit\u00e9 des diff\u00e9rents intervenants dans le cadre de sa r\u00e9alisation et de son suivi. \u00c9diteur du site Le Buchwald Email : info@lebuchwald.com [&hellip;]<\/p>\n","protected":false},"author":7,"featured_media":0,"parent":0,"menu_order":0,"comment_status":"closed","ping_status":"closed","template":"","meta":{"footnotes":""},"class_list":["post-2582","page","type-page","status-publish","hentry"],"yoast_head":"<!-- This site is optimized with the Yoast SEO plugin v27.3 - https:\/\/yoast.com\/product\/yoast-seo-wordpress\/ -->\n<title>Mentions l\u00e9gales - Le Buchwald<\/title>\n<meta name=\"robots\" content=\"index, follow, max-snippet:-1, max-image-preview:large, max-video-preview:-1\" \/>\n<link rel=\"canonical\" href=\"https:\/\/lebuchwald.com\/de\/rechtliche-hinweise\/\" \/>\n<meta property=\"og:locale\" content=\"de_DE\" \/>\n<meta property=\"og:type\" content=\"article\" \/>\n<meta property=\"og:title\" content=\"Mentions l\u00e9gales - Le Buchwald\" \/>\n<meta property=\"og:description\" content=\"Mentions l\u00e9gales Mentions l\u00e9gales Conform\u00e9ment aux articles 6-III et 19 de la loi n\u00b02004-575 du 21 juin 2004 pour la confiance dans l\u2019\u00e9conomie num\u00e9rique (LCEN), il est pr\u00e9cis\u00e9 aux utilisateurs du site www.lebuchwald.com l\u2019identit\u00e9 des diff\u00e9rents intervenants dans le cadre de sa r\u00e9alisation et de son suivi. \u00c9diteur du site Le Buchwald Email : info@lebuchwald.com [&hellip;]\" \/>\n<meta property=\"og:url\" content=\"https:\/\/lebuchwald.com\/de\/rechtliche-hinweise\/\" \/>\n<meta property=\"og:site_name\" content=\"Le Buchwald\" \/>\n<meta property=\"article:modified_time\" content=\"2026-03-17T12:11:15+00:00\" \/>\n<meta name=\"twitter:card\" content=\"summary_large_image\" \/>\n<meta name=\"twitter:label1\" content=\"Gesch\u00e4tzte Lesezeit\" \/>\n\t<meta name=\"twitter:data1\" content=\"2\u00a0Minuten\" \/>\n<script type=\"application\/ld+json\" class=\"yoast-schema-graph\">{\"@context\":\"https:\\\/\\\/schema.org\",\"@graph\":[{\"@type\":\"WebPage\",\"@id\":\"https:\\\/\\\/lebuchwald.com\\\/en\\\/legal-information\\\/\",\"url\":\"https:\\\/\\\/lebuchwald.com\\\/en\\\/legal-information\\\/\",\"name\":\"Mentions l\u00e9gales - Le Buchwald\",\"isPartOf\":{\"@id\":\"https:\\\/\\\/lebuchwald.com\\\/#website\"},\"datePublished\":\"2025-03-02T17:27:58+00:00\",\"dateModified\":\"2026-03-17T12:11:15+00:00\",\"breadcrumb\":{\"@id\":\"https:\\\/\\\/lebuchwald.com\\\/en\\\/legal-information\\\/#breadcrumb\"},\"inLanguage\":\"de\",\"potentialAction\":[{\"@type\":\"ReadAction\",\"target\":[\"https:\\\/\\\/lebuchwald.com\\\/en\\\/legal-information\\\/\"]}]},{\"@type\":\"BreadcrumbList\",\"@id\":\"https:\\\/\\\/lebuchwald.com\\\/en\\\/legal-information\\\/#breadcrumb\",\"itemListElement\":[{\"@type\":\"ListItem\",\"position\":1,\"name\":\"Accueil\",\"item\":\"https:\\\/\\\/lebuchwald.com\\\/\"},{\"@type\":\"ListItem\",\"position\":2,\"name\":\"Mentions l\u00e9gales\"}]},{\"@type\":\"WebSite\",\"@id\":\"https:\\\/\\\/lebuchwald.com\\\/#website\",\"url\":\"https:\\\/\\\/lebuchwald.com\\\/\",\"name\":\"Le Buchwald\",\"description\":\"Location de g\u00eete dans les Vosges\",\"publisher\":{\"@id\":\"https:\\\/\\\/lebuchwald.com\\\/#organization\"},\"potentialAction\":[{\"@type\":\"SearchAction\",\"target\":{\"@type\":\"EntryPoint\",\"urlTemplate\":\"https:\\\/\\\/lebuchwald.com\\\/?s={search_term_string}\"},\"query-input\":{\"@type\":\"PropertyValueSpecification\",\"valueRequired\":true,\"valueName\":\"search_term_string\"}}],\"inLanguage\":\"de\"},{\"@type\":\"Organization\",\"@id\":\"https:\\\/\\\/lebuchwald.com\\\/#organization\",\"name\":\"Le Buchwald\",\"url\":\"https:\\\/\\\/lebuchwald.com\\\/\",\"logo\":{\"@type\":\"ImageObject\",\"inLanguage\":\"de\",\"@id\":\"https:\\\/\\\/lebuchwald.com\\\/#\\\/schema\\\/logo\\\/image\\\/\",\"url\":\"https:\\\/\\\/lebuchwald.com\\\/wp-content\\\/uploads\\\/2025\\\/01\\\/logo-buchwald.png\",\"contentUrl\":\"https:\\\/\\\/lebuchwald.com\\\/wp-content\\\/uploads\\\/2025\\\/01\\\/logo-buchwald.png\",\"width\":572,\"height\":733,\"caption\":\"Le Buchwald\"},\"image\":{\"@id\":\"https:\\\/\\\/lebuchwald.com\\\/#\\\/schema\\\/logo\\\/image\\\/\"}}]}<\/script>\n<!-- \/ Yoast SEO plugin. -->","yoast_head_json":{"title":"Rechtliche Hinweise - Le Buchwald","robots":{"index":"index","follow":"follow","max-snippet":"max-snippet:-1","max-image-preview":"max-image-preview:large","max-video-preview":"max-video-preview:-1"},"canonical":"https:\/\/lebuchwald.com\/de\/rechtliche-hinweise\/","og_locale":"de_DE","og_type":"article","og_title":"Mentions l\u00e9gales - Le Buchwald","og_description":"Mentions l\u00e9gales Mentions l\u00e9gales Conform\u00e9ment aux articles 6-III et 19 de la loi n\u00b02004-575 du 21 juin 2004 pour la confiance dans l\u2019\u00e9conomie num\u00e9rique (LCEN), il est pr\u00e9cis\u00e9 aux utilisateurs du site www.lebuchwald.com l\u2019identit\u00e9 des diff\u00e9rents intervenants dans le cadre de sa r\u00e9alisation et de son suivi. \u00c9diteur du site Le Buchwald Email : info@lebuchwald.com [&hellip;]","og_url":"https:\/\/lebuchwald.com\/de\/rechtliche-hinweise\/","og_site_name":"Le Buchwald","article_modified_time":"2026-03-17T12:11:15+00:00","twitter_card":"summary_large_image","twitter_misc":{"Gesch\u00e4tzte Lesezeit":"2\u00a0Minuten"},"schema":{"@context":"https:\/\/schema.org","@graph":[{"@type":"WebPage","@id":"https:\/\/lebuchwald.com\/en\/legal-information\/","url":"https:\/\/lebuchwald.com\/en\/legal-information\/","name":"Rechtliche Hinweise - Le Buchwald","isPartOf":{"@id":"https:\/\/lebuchwald.com\/#website"},"datePublished":"2025-03-02T17:27:58+00:00","dateModified":"2026-03-17T12:11:15+00:00","breadcrumb":{"@id":"https:\/\/lebuchwald.com\/en\/legal-information\/#breadcrumb"},"inLanguage":"de","potentialAction":[{"@type":"ReadAction","target":["https:\/\/lebuchwald.com\/en\/legal-information\/"]}]},{"@type":"BreadcrumbList","@id":"https:\/\/lebuchwald.com\/en\/legal-information\/#breadcrumb","itemListElement":[{"@type":"ListItem","position":1,"name":"Accueil","item":"https:\/\/lebuchwald.com\/"},{"@type":"ListItem","position":2,"name":"Mentions l\u00e9gales"}]},{"@type":"WebSite","@id":"https:\/\/lebuchwald.com\/#website","url":"https:\/\/lebuchwald.com\/","name":"Le Buchwald","description":"Ferienunterk\u00fcnfte Ferienhaus in Vosges","publisher":{"@id":"https:\/\/lebuchwald.com\/#organization"},"potentialAction":[{"@type":"SearchAction","target":{"@type":"EntryPoint","urlTemplate":"https:\/\/lebuchwald.com\/?s={search_term_string}"},"query-input":{"@type":"PropertyValueSpecification","valueRequired":true,"valueName":"search_term_string"}}],"inLanguage":"de"},{"@type":"Organization","@id":"https:\/\/lebuchwald.com\/#organization","name":"Le Buchwald","url":"https:\/\/lebuchwald.com\/","logo":{"@type":"ImageObject","inLanguage":"de","@id":"https:\/\/lebuchwald.com\/#\/schema\/logo\/image\/","url":"https:\/\/lebuchwald.com\/wp-content\/uploads\/2025\/01\/logo-buchwald.png","contentUrl":"https:\/\/lebuchwald.com\/wp-content\/uploads\/2025\/01\/logo-buchwald.png","width":572,"height":733,"caption":"Le Buchwald"},"image":{"@id":"https:\/\/lebuchwald.com\/#\/schema\/logo\/image\/"}}]}},"_links":{"self":[{"href":"https:\/\/lebuchwald.com\/de\/wp-json\/wp\/v2\/pages\/2582","targetHints":{"allow":["GET"]}}],"collection":[{"href":"https:\/\/lebuchwald.com\/de\/wp-json\/wp\/v2\/pages"}],"about":[{"href":"https:\/\/lebuchwald.com\/de\/wp-json\/wp\/v2\/types\/page"}],"author":[{"embeddable":true,"href":"https:\/\/lebuchwald.com\/de\/wp-json\/wp\/v2\/users\/7"}],"replies":[{"embeddable":true,"href":"https:\/\/lebuchwald.com\/de\/wp-json\/wp\/v2\/comments?post=2582"}],"version-history":[{"count":0,"href":"https:\/\/lebuchwald.com\/de\/wp-json\/wp\/v2\/pages\/2582\/revisions"}],"wp:attachment":[{"href":"https:\/\/lebuchwald.com\/de\/wp-json\/wp\/v2\/media?parent=2582"}],"curies":[{"name":"wp","href":"https:\/\/api.w.org\/{rel}","templated":true}]}}